{"id":8,"date":"2026-01-08T16:14:26","date_gmt":"2026-01-08T15:14:26","guid":{"rendered":"https:\/\/quantilika.com\/?page_id=8"},"modified":"2026-01-08T16:14:26","modified_gmt":"2026-01-08T15:14:26","slug":"sobre-nosotros","status":"publish","type":"page","link":"https:\/\/quantilika.com\/?page_id=8","title":{"rendered":"Sobre Nosotros"},"content":{"rendered":"<div class=\"section-padding bg-white\">\n<div class=\"container-custom\">\n<div class=\"grid grid-cols-1 lg:grid-cols-2 gap-12 items-center\">\n<div>\n<h1 class=\"text-4xl md:text-5xl font-bold text-quantilika-dark-blue mb-6\">\n                                Sobre Quantilika<br \/>\n                            <\/h1>\n<p class=\"text-lg text-gray-600 mb-4\">\n                                Somos una empresa especializada en soluciones cuantitativas y an\u00e1lisis de datos.<br \/>\n                                Con m\u00e1s de una d\u00e9cada de experiencia, ayudamos a empresas a transformar informaci\u00f3n<br \/>\n                                en ventajas competitivas.\n                            <\/p>\n<p class=\"text-lg text-gray-600 mb-6\">\n                                Nuestro equipo de expertos combina conocimientos avanzados en estad\u00edstica,<br \/>\n                                matem\u00e1ticas y tecnolog\u00eda para ofrecer soluciones innovadoras y confiables.\n                            <\/p>\n<\/p><\/div>\n<div class=\"bg-gradient-to-br from-quantilika-blue to-quantilika-dark-blue rounded-lg p-8 text-white\">\n<div class=\"grid grid-cols-2 gap-6\">\n<div class=\"text-center\">\n<div class=\"text-4xl font-bold mb-2\">10+<\/div>\n<div class=\"text-gray-200\">A\u00f1os de Experiencia<\/div>\n<\/p><\/div>\n<div class=\"text-center\">\n<div class=\"text-4xl font-bold mb-2\">500+<\/div>\n<div class=\"text-gray-200\">Proyectos Completados<\/div>\n<\/p><\/div>\n<div class=\"text-center\">\n<div class=\"text-4xl font-bold mb-2\">200+<\/div>\n<div class=\"text-gray-200\">Clientes Satisfechos<\/div>\n<\/p><\/div>\n<div class=\"text-center\">\n<div class=\"text-4xl font-bold mb-2\">50+<\/div>\n<div class=\"text-gray-200\">Expertos en Equipo<\/div>\n<\/p><\/div>\n<\/p><\/div>\n<\/p><\/div>\n<\/p><\/div>\n<\/p><\/div>\n<\/p><\/div>\n","protected":false},"excerpt":{"rendered":"<p>Sobre Quantilika Somos una empresa especializada en soluciones cuantitativas y an\u00e1lisis de datos. Con m\u00e1s de una d\u00e9cada de experiencia, ayudamos a empresas a transformar informaci\u00f3n en ventajas competitivas. Nuestro equipo de expertos combina conocimientos avanzados en estad\u00edstica, matem\u00e1ticas y tecnolog\u00eda para ofrecer soluciones innovadoras y confiables. 10+ A\u00f1os de Experiencia 500+ Proyectos Completados 200+ [&hellip;]<\/p>\n","protected":false},"author":1,"featured_media":0,"parent":0,"menu_order":0,"comment_status":"closed","ping_status":"closed","template":"","meta":{"footnotes":""},"class_list":["post-8","page","type-page","status-publish","hentry"],"_links":{"self":[{"href":"https:\/\/quantilika.com\/index.php?rest_route=\/wp\/v2\/pages\/8","targetHints":{"allow":["GET"]}}],"collection":[{"href":"https:\/\/quantilika.com\/index.php?rest_route=\/wp\/v2\/pages"}],"about":[{"href":"https:\/\/quantilika.com\/index.php?rest_route=\/wp\/v2\/types\/page"}],"author":[{"embeddable":true,"href":"https:\/\/quantilika.com\/index.php?rest_route=\/wp\/v2\/users\/1"}],"replies":[{"embeddable":true,"href":"https:\/\/quantilika.com\/index.php?rest_route=%2Fwp%2Fv2%2Fcomments&post=8"}],"version-history":[{"count":0,"href":"https:\/\/quantilika.com\/index.php?rest_route=\/wp\/v2\/pages\/8\/revisions"}],"wp:attachment":[{"href":"https:\/\/quantilika.com\/index.php?rest_route=%2Fwp%2Fv2%2Fmedia&parent=8"}],"curies":[{"name":"wp","href":"https:\/\/api.w.org\/{rel}","templated":true}]}}