{"id":6,"date":"2026-01-08T16:14:26","date_gmt":"2026-01-08T15:14:26","guid":{"rendered":"https:\/\/quantilika.com\/?page_id=6"},"modified":"2026-01-08T16:14:26","modified_gmt":"2026-01-08T15:14:26","slug":"servicios","status":"publish","type":"page","link":"https:\/\/quantilika.com\/?page_id=6","title":{"rendered":"Servicios"},"content":{"rendered":"<div class=\"section-padding bg-gray-50\">\n<div class=\"container-custom\">\n<div class=\"text-center mb-16\">\n<h1 class=\"text-4xl md:text-5xl font-bold text-quantilika-dark-blue mb-4\">\n                            Nuestros Servicios<br \/>\n                        <\/h1>\n<p class=\"text-xl text-gray-600 max-w-3xl mx-auto\">\n                            Ofrecemos soluciones integrales en an\u00e1lisis cuantitativo y gesti\u00f3n de datos\n                        <\/p>\n<\/p><\/div>\n<div class=\"grid grid-cols-1 md:grid-cols-3 gap-8\">\n<div class=\"bg-white rounded-lg shadow-lg p-8 hover:shadow-xl transition-shadow duration-300\">\n<div class=\"w-16 h-16 bg-quantilika-red rounded-lg flex items-center justify-center mb-6\"><\/div>\n<h3 class=\"text-2xl font-semibold text-quantilika-dark-blue mb-4\">\n                                An\u00e1lisis Cuantitativo<br \/>\n                            <\/h3>\n<p class=\"text-gray-600\">\n                                Modelos estad\u00edsticos avanzados y an\u00e1lisis predictivo para optimizar tus decisiones de negocio.\n                            <\/p>\n<\/p><\/div>\n<div class=\"bg-white rounded-lg shadow-lg p-8 hover:shadow-xl transition-shadow duration-300\">\n<div class=\"w-16 h-16 bg-quantilika-blue rounded-lg flex items-center justify-center mb-6\"><\/div>\n<h3 class=\"text-2xl font-semibold text-quantilika-dark-blue mb-4\">\n                                Gesti\u00f3n de Datos<br \/>\n                            <\/h3>\n<p class=\"text-gray-600\">\n                                Arquitectura de datos, almacenamiento y procesamiento eficiente para grandes vol\u00famenes de informaci\u00f3n.\n                            <\/p>\n<\/p><\/div>\n<div class=\"bg-white rounded-lg shadow-lg p-8 hover:shadow-xl transition-shadow duration-300\">\n<div class=\"w-16 h-16 bg-quantilika-dark-red rounded-lg flex items-center justify-center mb-6\"><\/div>\n<h3 class=\"text-2xl font-semibold text-quantilika-dark-blue mb-4\">\n                                Consultor\u00eda Estrat\u00e9gica<br \/>\n                            <\/h3>\n<p class=\"text-gray-600\">\n                                Asesoramiento especializado para implementar soluciones cuantitativas en tu organizaci\u00f3n.\n                            <\/p>\n<\/p><\/div>\n<\/p><\/div>\n<\/p><\/div>\n<\/p><\/div>\n","protected":false},"excerpt":{"rendered":"<p>Nuestros Servicios Ofrecemos soluciones integrales en an\u00e1lisis cuantitativo y gesti\u00f3n de datos An\u00e1lisis Cuantitativo Modelos estad\u00edsticos avanzados y an\u00e1lisis predictivo para optimizar tus decisiones de negocio. Gesti\u00f3n de Datos Arquitectura de datos, almacenamiento y procesamiento eficiente para grandes vol\u00famenes de informaci\u00f3n. Consultor\u00eda Estrat\u00e9gica Asesoramiento especializado para implementar soluciones cuantitativas en tu organizaci\u00f3n.<\/p>\n","protected":false},"author":1,"featured_media":0,"parent":0,"menu_order":0,"comment_status":"closed","ping_status":"closed","template":"","meta":{"footnotes":""},"class_list":["post-6","page","type-page","status-publish","hentry"],"_links":{"self":[{"href":"https:\/\/quantilika.com\/index.php?rest_route=\/wp\/v2\/pages\/6","targetHints":{"allow":["GET"]}}],"collection":[{"href":"https:\/\/quantilika.com\/index.php?rest_route=\/wp\/v2\/pages"}],"about":[{"href":"https:\/\/quantilika.com\/index.php?rest_route=\/wp\/v2\/types\/page"}],"author":[{"embeddable":true,"href":"https:\/\/quantilika.com\/index.php?rest_route=\/wp\/v2\/users\/1"}],"replies":[{"embeddable":true,"href":"https:\/\/quantilika.com\/index.php?rest_route=%2Fwp%2Fv2%2Fcomments&post=6"}],"version-history":[{"count":0,"href":"https:\/\/quantilika.com\/index.php?rest_route=\/wp\/v2\/pages\/6\/revisions"}],"wp:attachment":[{"href":"https:\/\/quantilika.com\/index.php?rest_route=%2Fwp%2Fv2%2Fmedia&parent=6"}],"curies":[{"name":"wp","href":"https:\/\/api.w.org\/{rel}","templated":true}]}}